{"id":10,"date":"2017-07-17T20:19:25","date_gmt":"2017-07-17T20:19:25","guid":{"rendered":"http:\/\/prosur.org\/?page_id=10"},"modified":"2017-07-21T16:56:28","modified_gmt":"2017-07-21T16:56:28","slug":"cooperacao","status":"publish","type":"page","link":"https:\/\/prosur.org\/pt\/cooperacao\/","title":{"rendered":"Coopera\u00e7\u00e3o"},"content":{"rendered":"<p>O<strong> PROSUL<\/strong> \u00e9 um <strong>Sistema de Coopera\u00e7\u00e3o<\/strong> cujo objetivo principal \u00e9 a colabora\u00e7\u00e3o t\u00e9cnica entre os <strong>Escrit\u00f3rios de Propriedade Industrial da Am\u00e9rica Latina<\/strong>, baseado na igualdade dos direitos e obriga\u00e7\u00f5es e na tomada de decis\u00f5es por consenso. A coopera\u00e7\u00e3o entre as partes compreender\u00e1 as \u00e1reas de <strong>Marcas, Patentes de Inven\u00e7\u00e3o e de Modelos de Utilidade e Desenhos Industriais, Indica\u00e7\u00f5es Geogr\u00e1ficas<\/strong> e demais mat\u00e9rias que guardem rela\u00e7\u00e3o com a Propriedade Industrial.<\/p>\n<p>&nbsp;<\/p>\n<p><img loading=\"lazy\" decoding=\"async\" class=\"wp-image-315 size-full aligncenter\" src=\"http:\/\/prosur.org\/pt\/wp-content\/uploads\/sites\/6\/2017\/07\/handshake.png\" alt=\"\" width=\"730\" height=\"346\" srcset=\"https:\/\/prosur.org\/pt\/wp-content\/uploads\/sites\/6\/2017\/07\/handshake.png 730w, https:\/\/prosur.org\/pt\/wp-content\/uploads\/sites\/6\/2017\/07\/handshake-300x142.png 300w\" sizes=\"auto, (max-width: 730px) 100vw, 730px\" \/><\/p>\n<p>&nbsp;<\/p>\n<p>S\u00e3o objetivos espec\u00edficos do PROSUL:<\/p>\n<ul>\n<li>Intercambiar dados entre as diferentes partes e fomentar a colabora\u00e7\u00e3o operacional sobre procedimentos, com o objetivo de <strong>criar uma plataforma comum que unifique e simplifique o acesso \u00e0 informa\u00e7\u00e3o e aos registros<\/strong> da propriedade industrial.<\/li>\n<li>Cooperar no uso das tecnologias da informa\u00e7\u00e3o para <strong>resolver de maneira integral<\/strong> <strong>os problemas comuns<\/strong>, evitar a multiplica\u00e7\u00e3o dos esfor\u00e7os e conseguir solu\u00e7\u00f5es mais <strong>eficientes e sustent\u00e1veis<\/strong> no \u00e2mbito regional.<\/li>\n<li>Intercambiar informa\u00e7\u00e3o sobre <strong>novos desenvolvimentos no sistema de prote\u00e7\u00e3o<\/strong> da propriedade industrial nos respectivos pa\u00edses.<\/li>\n<li>Intercambiar experi\u00eancias e conhecimentos t\u00e9cnicos e\/ou cient\u00edficos, sobre o papel das partes como entidades governamentais promotoras e executoras de pol\u00edticas para o desenvolvimento da competitividade, do empreendedorismo e da inova\u00e7\u00e3o.<\/li>\n<li>Intercambiar experi\u00eancias, conhecimentos e habilidades na administra\u00e7\u00e3o geral dos participantes, incluindo recursos humanos, capacita\u00e7\u00e3o e controle de qualidade.<\/li>\n<li>Intercambiar experi\u00eancias e conhecimentos sobre o fornecimento de informa\u00e7\u00e3o t\u00e9cnica ao usu\u00e1rio e \u00e0 comunidade industrial, empresarial, cient\u00edfica e universit\u00e1ria, para o desenvolvimento cient\u00edfico e econ\u00f4mico das partes.<\/li>\n<li>Intercambiar experi\u00eancias e especialistas envolvidos nos projetos de ensino da Propriedade Industrial, refor\u00e7ando a pr\u00e1tica acad\u00eamica nos pa\u00edses. \u00a0Entre outras que se definam pelas partes, desde que em conformidade com o objetivo geral do Sistema.<\/li>\n<\/ul>\n<p>&nbsp;<\/p>\n<p>&nbsp;<\/p>\n","protected":false},"excerpt":{"rendered":"<p>O PROSUL \u00e9 um Sistema de Coopera\u00e7\u00e3o cujo objetivo principal \u00e9 a colabora\u00e7\u00e3o t\u00e9cnica entre os Escrit\u00f3rios de Propriedade Industrial da Am\u00e9rica Latina, baseado na igualdade dos direitos e obriga\u00e7\u00f5es e na tomada de decis\u00f5es por consenso. A coopera\u00e7\u00e3o entre as partes compreender\u00e1 as \u00e1reas de Marcas, Patentes de Inven\u00e7\u00e3o e de Modelos de Utilidade [&hellip;]<\/p>\n","protected":false},"author":1,"featured_media":0,"parent":0,"menu_order":0,"comment_status":"closed","ping_status":"closed","template":"","meta":{"_acf_changed":false,"footnotes":""},"class_list":["post-10","page","type-page","status-publish","hentry"],"acf":[],"_links":{"self":[{"href":"https:\/\/prosur.org\/pt\/wp-json\/wp\/v2\/pages\/10","targetHints":{"allow":["GET"]}}],"collection":[{"href":"https:\/\/prosur.org\/pt\/wp-json\/wp\/v2\/pages"}],"about":[{"href":"https:\/\/prosur.org\/pt\/wp-json\/wp\/v2\/types\/page"}],"author":[{"embeddable":true,"href":"https:\/\/prosur.org\/pt\/wp-json\/wp\/v2\/users\/1"}],"replies":[{"embeddable":true,"href":"https:\/\/prosur.org\/pt\/wp-json\/wp\/v2\/comments?post=10"}],"version-history":[{"count":7,"href":"https:\/\/prosur.org\/pt\/wp-json\/wp\/v2\/pages\/10\/revisions"}],"predecessor-version":[{"id":317,"href":"https:\/\/prosur.org\/pt\/wp-json\/wp\/v2\/pages\/10\/revisions\/317"}],"wp:attachment":[{"href":"https:\/\/prosur.org\/pt\/wp-json\/wp\/v2\/media?parent=10"}],"curies":[{"name":"wp","href":"https:\/\/api.w.org\/{rel}","templated":true}]}}