{"id":6,"date":"2017-07-17T20:19:08","date_gmt":"2017-07-17T20:19:08","guid":{"rendered":"http:\/\/prosur.org\/?page_id=6"},"modified":"2017-07-21T16:53:26","modified_gmt":"2017-07-21T16:53:26","slug":"quem-somos","status":"publish","type":"page","link":"https:\/\/prosur.org\/pt\/quem-somos\/","title":{"rendered":"Quem somos"},"content":{"rendered":"<p><img loading=\"lazy\" decoding=\"async\" class=\"aligncenter size-full wp-image-115\" src=\"http:\/\/prosur.org\/wp-content\/uploads\/2017\/07\/logo_quienes_somos.jpg\" alt=\"\" width=\"217\" height=\"74\" \/><\/p>\n<blockquote><p>&nbsp;<\/p>\n<p>NA \u00daLTIMA D\u00c9CADA, A PROPRIEDADE INDUSTRIAL (PI) TRANSFORMOU-SE EM UM TEMA DOMINANTE NA AGENDA POL\u00cdTICA E ECON\u00d4MICA DE TODOS OS PA\u00cdSES DO MUNDO POR SUA RELEV\u00c2NCIA NO COM\u00c9RCIO INTERNACIONAL.<\/p><\/blockquote>\n<p>&nbsp;<\/p>\n<p>Os escrit\u00f3rios de PI dos pa\u00edses da Am\u00e9rica Latina n\u00e3o est\u00e3o alheios a essa realidade e decidiram cooperar para promover o desenvolvimento nessa mat\u00e9ria na regi\u00e3o.<\/p>\n<p>Foi assim que, em 2010, surgiu uma proposta conjunta como solu\u00e7\u00e3o regional em mat\u00e9ria de marcas, patentes de inven\u00e7\u00e3o, modelos de utilidade e desenhos industriais, denominada \u00ab<strong>Sistema de Coopera\u00e7\u00e3o sobre aspectos de informa\u00e7\u00e3o operacional e de Propriedade Industrial-PROSUL\u00bb<\/strong>.<\/p>\n<p>O PROSUL foi composto, originalmente, pelos escrit\u00f3rios da Argentina, Brasil, Chile, Col\u00f4mbia, Equador, Paraguai, Peru, e Uruguai. Hoje, somaram-se ao PROSUL os escrit\u00f3rios da Costa Rica, Nicar\u00e1gua, Panam\u00e1 e Rep\u00fablica Dominicana, reunindo um total de 12 pa\u00edses latino-americanos.<\/p>\n<p>Por meio do interc\u00e2mbio de dados e de sistemas de informa\u00e7\u00e3o, esta proposta permite aumentar a efici\u00eancia e qualidade nos processos de busca, exame e decis\u00f5es adotadas pelos diferentes Escrit\u00f3rios de Propriedade Industrial da Am\u00e9rica Latina.<\/p>\n<p>&nbsp;<\/p>\n<p>&nbsp;<\/p>\n","protected":false},"excerpt":{"rendered":"<p>&nbsp; NA \u00daLTIMA D\u00c9CADA, A PROPRIEDADE INDUSTRIAL (PI) TRANSFORMOU-SE EM UM TEMA DOMINANTE NA AGENDA POL\u00cdTICA E ECON\u00d4MICA DE TODOS OS PA\u00cdSES DO MUNDO POR SUA RELEV\u00c2NCIA NO COM\u00c9RCIO INTERNACIONAL. &nbsp; Os escrit\u00f3rios de PI dos pa\u00edses da Am\u00e9rica Latina n\u00e3o est\u00e3o alheios a essa realidade e decidiram cooperar para promover o desenvolvimento nessa mat\u00e9ria [&hellip;]<\/p>\n","protected":false},"author":1,"featured_media":0,"parent":0,"menu_order":0,"comment_status":"closed","ping_status":"closed","template":"","meta":{"_acf_changed":false,"footnotes":""},"class_list":["post-6","page","type-page","status-publish","hentry"],"acf":[],"_links":{"self":[{"href":"https:\/\/prosur.org\/pt\/wp-json\/wp\/v2\/pages\/6","targetHints":{"allow":["GET"]}}],"collection":[{"href":"https:\/\/prosur.org\/pt\/wp-json\/wp\/v2\/pages"}],"about":[{"href":"https:\/\/prosur.org\/pt\/wp-json\/wp\/v2\/types\/page"}],"author":[{"embeddable":true,"href":"https:\/\/prosur.org\/pt\/wp-json\/wp\/v2\/users\/1"}],"replies":[{"embeddable":true,"href":"https:\/\/prosur.org\/pt\/wp-json\/wp\/v2\/comments?post=6"}],"version-history":[{"count":6,"href":"https:\/\/prosur.org\/pt\/wp-json\/wp\/v2\/pages\/6\/revisions"}],"predecessor-version":[{"id":314,"href":"https:\/\/prosur.org\/pt\/wp-json\/wp\/v2\/pages\/6\/revisions\/314"}],"wp:attachment":[{"href":"https:\/\/prosur.org\/pt\/wp-json\/wp\/v2\/media?parent=6"}],"curies":[{"name":"wp","href":"https:\/\/api.w.org\/{rel}","templated":true}]}}